{"id":1790,"date":"2026-01-11T16:23:55","date_gmt":"2026-01-11T16:23:55","guid":{"rendered":"https:\/\/pjovimaslazeriu.lt\/laser-cutting-2\/laser-cutting-of-fabrics\/"},"modified":"2026-02-04T13:36:12","modified_gmt":"2026-02-04T13:36:12","slug":"laser-cutting-fabrics","status":"publish","type":"page","link":"https:\/\/pjovimaslazeriu.lt\/en\/laser-cutting-2\/laser-cutting-fabrics\/","title":{"rendered":"Laser Cutting Fabrics"},"content":{"rendered":"\n<div class=\"wp-block-uagb-container uagb-block-afb7af36 alignfull uagb-is-root-container\"><div class=\"uagb-container-inner-blocks-wrap\">\n<div class=\"wp-block-uagb-advanced-heading uagb-block-b466a545\"><h1 class=\"uagb-heading-text\">Laser Cutting Fabrics<\/h1><\/div>\n\n\n\n<p class=\"has-ast-global-color-5-color has-text-color has-link-color has-medium-font-size wp-elements-d51db96a344da13a40a8e9c8f76c77d3\">Laser cutting of fabrics allows precise and repeatable cutting of textile parts according to a digital file. This method is especially suitable for the production of clothing, accessories, and interior textiles, where precise contours, clean edges, and consistent results across the entire batch are important.<\/p>\n<\/div><\/div>\n\n\n\n<div class=\"wp-block-uagb-container uagb-block-85afc957 alignfull uagb-is-root-container\"><div class=\"uagb-container-inner-blocks-wrap\">\n<div class=\"wp-block-media-text is-stacked-on-mobile is-vertically-aligned-center\" style=\"border-width:2px;border-top-left-radius:20px;border-top-right-radius:20px;border-bottom-left-radius:20px;border-bottom-right-radius:20px;grid-template-columns:35% auto\"><figure class=\"wp-block-media-text__media\"><img loading=\"lazy\" decoding=\"async\" width=\"400\" height=\"400\" src=\"http:\/\/pjovimaslazeriu.lt\/wp-content\/uploads\/2026\/01\/7.png\" alt=\"\" class=\"wp-image-1393 size-full\" srcset=\"https:\/\/pjovimaslazeriu.lt\/wp-content\/uploads\/2026\/01\/7.png 400w, https:\/\/pjovimaslazeriu.lt\/wp-content\/uploads\/2026\/01\/7-300x300.png 300w, https:\/\/pjovimaslazeriu.lt\/wp-content\/uploads\/2026\/01\/7-100x100.png 100w, https:\/\/pjovimaslazeriu.lt\/wp-content\/uploads\/2026\/01\/7-150x150.png 150w\" sizes=\"auto, (max-width: 400px) 100vw, 400px\" \/><\/figure><div class=\"wp-block-media-text__content\">\n<div class=\"wp-block-uagb-info-box uagb-block-5d50dbeb uagb-infobox__content-wrap  uagb-infobox-icon-above-title uagb-infobox-image-valign-top\"><div class=\"uagb-ifb-content\"><div class=\"uagb-ifb-title-wrap\"><h3 class=\"uagb-ifb-title\">Types and thickness of fabrics processed<\/h3><\/div><p class=\"uagb-ifb-desc\">We laser cut various fabrics used in the production of clothing, accessories, and other textile products. The most commonly cut materials are synthetic and blended fabrics such as polyester, nylon, neoprene, as well as some natural fabrics, depending on their composition and density.<br>Cutting capabilities depend on fabric thickness, weave, fiber type, and reaction to thermal effects.<br><br> Before production, we evaluate the fabric composition, as different fabrics react differently to laser heat.<\/p><\/div><\/div>\n<\/div><\/div>\n\n\n\n<div class=\"wp-block-media-text has-media-on-the-right is-stacked-on-mobile\" style=\"border-width:2px;border-top-left-radius:20px;border-top-right-radius:20px;border-bottom-left-radius:20px;border-bottom-right-radius:20px;grid-template-columns:auto 35%\"><div class=\"wp-block-media-text__content\">\n<div class=\"wp-block-uagb-info-box uagb-block-49ac9768 uagb-infobox__content-wrap  uagb-infobox-icon-above-title uagb-infobox-image-valign-top\"><div class=\"uagb-ifb-content\"><div class=\"uagb-ifb-title-wrap\"><h3 class=\"uagb-ifb-title\">Precision and applications<\/h3><\/div><p class=\"uagb-ifb-desc\">Laser cutting allows precise cutting of both simple shapes and complex contours with internal cutouts. Since cutting is performed without mechanical contact, the fabric is not stretched, deformed, or pressed, preserving accurate part size and shape.<br>Laser cutting of fabrics is most commonly used for:<br>Manufacturing clothing and garment components,<br>Accessories and decorative elements,<br>Interior textiles,<br>Prototypes and small to medium production runs.<\/p><\/div><\/div>\n<\/div><figure class=\"wp-block-media-text__media\"><img loading=\"lazy\" decoding=\"async\" width=\"400\" height=\"300\" src=\"http:\/\/pjovimaslazeriu.lt\/wp-content\/uploads\/2026\/01\/1.png\" alt=\"\" class=\"wp-image-1319 size-full\" srcset=\"https:\/\/pjovimaslazeriu.lt\/wp-content\/uploads\/2026\/01\/1.png 400w, https:\/\/pjovimaslazeriu.lt\/wp-content\/uploads\/2026\/01\/1-300x225.png 300w\" sizes=\"auto, (max-width: 400px) 100vw, 400px\" \/><\/figure><\/div>\n<\/div><\/div>\n\n\n\n<div class=\"wp-block-uagb-container uagb-block-3e64f9dd alignfull uagb-is-root-container\"><div class=\"uagb-container-inner-blocks-wrap\">\n<div class=\"wp-block-uagb-advanced-heading uagb-block-97523d52\"><h2 class=\"uagb-heading-text\"><strong>Cut properties and edge appearance<\/strong><\/h2><\/div>\n\n\n\n<p class=\"has-medium-font-size\">When cutting fabrics with a laser, the edges of synthetic fabrics often fuse, preventing fraying or unraveling. This is one of the main advantages of laser fabric cutting, especially in sewing and serial production processes. In the case of natural fabrics, the appearance of cut edges depends on the fiber structure \u2013 in some cases, slight thermal effects may be visible. Before production, appropriate parameters are selected to achieve optimal results.<\/p>\n\n\n\n<p class=\"has-medium-font-size\">Laser cutting of fabrics is performed using provided vector files (DXF, SVG, PDF). Prie\u0161 pradedant gamyb\u0105 \u012fvertiname audinio tip\u0105, stor\u012f, detali\u0173 sud\u0117tingum\u0105 ir paskirt\u012f, kad b\u016bt\u0173 parinkti tinkamiausi pjovimo parametrai ir u\u017etikrintas stabilus, pakartojamas rezultatas.<\/p>\n<\/div><\/div>\n\n\n\n<div class=\"wp-block-uagb-container uagb-block-ad4d5308 alignfull uagb-is-root-container\"><div class=\"uagb-container-inner-blocks-wrap\">\n<div class=\"wp-block-uagb-advanced-heading uagb-block-45830ad1\"><h2 class=\"uagb-heading-text\">Other Laser-Cut Materials<\/h2><\/div>\n\n\n\n<div class=\"wp-block-uagb-container uagb-block-ec0fd82b\">\n<div class=\"wp-block-columns is-layout-flex wp-container-core-columns-is-layout-28f84493 wp-block-columns-is-layout-flex\">\n<div class=\"wp-block-column is-layout-flow wp-block-column-is-layout-flow\">\n<div class=\"wp-block-media-text is-stacked-on-mobile has-border-color\" style=\"border-color:#00000059;border-width:3px;border-top-left-radius:10px;border-top-right-radius:10px;border-bottom-left-radius:10px;border-bottom-right-radius:10px;grid-template-columns:36% auto\"><figure class=\"wp-block-media-text__media\"><a href=\"https:\/\/pjovimaslazeriu.lt\/en\/laser-cutting-2\/laser-cutting-plywood\/\"><img loading=\"lazy\" decoding=\"async\" width=\"400\" height=\"400\" src=\"http:\/\/pjovimaslazeriu.lt\/wp-content\/uploads\/2026\/01\/1-1.png\" alt=\"\" class=\"wp-image-1387 size-full\" srcset=\"https:\/\/pjovimaslazeriu.lt\/wp-content\/uploads\/2026\/01\/1-1.png 400w, https:\/\/pjovimaslazeriu.lt\/wp-content\/uploads\/2026\/01\/1-1-300x300.png 300w, https:\/\/pjovimaslazeriu.lt\/wp-content\/uploads\/2026\/01\/1-1-100x100.png 100w, https:\/\/pjovimaslazeriu.lt\/wp-content\/uploads\/2026\/01\/1-1-150x150.png 150w\" sizes=\"auto, (max-width: 400px) 100vw, 400px\" \/><\/a><\/figure><div class=\"wp-block-media-text__content\">\n<p class=\"has-ast-global-color-1-color has-text-color has-link-color wp-elements-0e1f5ed18d7d530e59106906654b9014\" style=\"border-style:none;border-width:0px;margin-top:0;margin-bottom:0;padding-top:0;padding-right:0;padding-bottom:0;padding-left:0;font-size:23px\"><strong><a href=\"https:\/\/pjovimaslazeriu.lt\/en\/laser-cutting-2\/laser-cutting-plywood\/\" data-type=\"link\" data-id=\"https:\/\/pjovimaslazeriu.lt\/en\/laser-engraving\/laser-engraving-plywood\/\">Laser Cutting Plywood<\/a><\/strong><\/p>\n<\/div><\/div>\n<\/div>\n\n\n\n<div class=\"wp-block-column is-layout-flow wp-block-column-is-layout-flow\">\n<div class=\"wp-block-media-text is-stacked-on-mobile has-border-color\" style=\"border-color:#00000059;border-width:3px;border-top-left-radius:10px;border-top-right-radius:10px;border-bottom-left-radius:10px;border-bottom-right-radius:10px;grid-template-columns:36% auto\"><figure class=\"wp-block-media-text__media\"><a href=\"https:\/\/pjovimaslazeriu.lt\/en\/laser-cutting-2\/laser-cutting-of-plastics\/\"><img loading=\"lazy\" decoding=\"async\" width=\"400\" height=\"400\" src=\"http:\/\/pjovimaslazeriu.lt\/wp-content\/uploads\/2026\/01\/2-1.png\" alt=\"\" class=\"wp-image-1388 size-full\" srcset=\"https:\/\/pjovimaslazeriu.lt\/wp-content\/uploads\/2026\/01\/2-1.png 400w, https:\/\/pjovimaslazeriu.lt\/wp-content\/uploads\/2026\/01\/2-1-300x300.png 300w, https:\/\/pjovimaslazeriu.lt\/wp-content\/uploads\/2026\/01\/2-1-100x100.png 100w, https:\/\/pjovimaslazeriu.lt\/wp-content\/uploads\/2026\/01\/2-1-150x150.png 150w\" sizes=\"auto, (max-width: 400px) 100vw, 400px\" \/><\/a><\/figure><div class=\"wp-block-media-text__content\">\n<p class=\"has-ast-global-color-1-color has-text-color has-link-color wp-elements-71d9c25a9df312e602464c3bdd649417\" style=\"border-style:none;border-width:0px;margin-top:0;margin-bottom:0;padding-top:0;padding-right:0;padding-bottom:0;padding-left:0;font-size:23px\"><strong><a href=\"https:\/\/pjovimaslazeriu.lt\/en\/laser-cutting-2\/laser-cutting-of-plastics\/\" data-type=\"link\" data-id=\"https:\/\/pjovimaslazeriu.lt\/en\/laser-cutting-2\/laser-cutting-of-plastics\/\">Laser Cutting Plastic<\/a><\/strong><\/p>\n<\/div><\/div>\n<\/div>\n\n\n\n<div class=\"wp-block-column is-layout-flow wp-block-column-is-layout-flow\">\n<div class=\"wp-block-media-text is-stacked-on-mobile has-border-color\" style=\"border-color:#00000059;border-width:3px;border-top-left-radius:10px;border-top-right-radius:10px;border-bottom-left-radius:10px;border-bottom-right-radius:10px;grid-template-columns:36% auto\"><figure class=\"wp-block-media-text__media\"><a href=\"https:\/\/pjovimaslazeriu.lt\/en\/laser-cutting-2\/laser-cutting-wood\/\"><img loading=\"lazy\" decoding=\"async\" width=\"400\" height=\"400\" src=\"http:\/\/pjovimaslazeriu.lt\/wp-content\/uploads\/2026\/01\/3-1.png\" alt=\"\" class=\"wp-image-1389 size-full\" srcset=\"https:\/\/pjovimaslazeriu.lt\/wp-content\/uploads\/2026\/01\/3-1.png 400w, https:\/\/pjovimaslazeriu.lt\/wp-content\/uploads\/2026\/01\/3-1-300x300.png 300w, https:\/\/pjovimaslazeriu.lt\/wp-content\/uploads\/2026\/01\/3-1-100x100.png 100w, https:\/\/pjovimaslazeriu.lt\/wp-content\/uploads\/2026\/01\/3-1-150x150.png 150w\" sizes=\"auto, (max-width: 400px) 100vw, 400px\" \/><\/a><\/figure><div class=\"wp-block-media-text__content\">\n<p class=\"has-ast-global-color-1-color has-text-color has-link-color wp-elements-ff2e91100a2320d715947f84fbd9c8b8\" style=\"border-style:none;border-width:0px;margin-top:0;margin-bottom:0;padding-top:0;padding-right:0;padding-bottom:0;padding-left:0;font-size:22px\"><strong><a href=\"https:\/\/pjovimaslazeriu.lt\/en\/laser-cutting-2\/laser-cutting-wood\/\" data-type=\"link\" data-id=\"https:\/\/pjovimaslazeriu.lt\/en\/laser-cutting-2\/laser-cutting-wood\/\">Laser Cutting Wood<\/a><\/strong><\/p>\n<\/div><\/div>\n<\/div>\n<\/div>\n<\/div>\n<\/div><\/div>\n\n\n\n<div class=\"wp-block-uagb-container uagb-block-e94e3679 alignfull uagb-is-root-container\"><div class=\"uagb-container-inner-blocks-wrap\">\n<div class=\"wp-block-uagb-info-box uagb-block-b9eef7d2 uagb-infobox__content-wrap  uagb-infobox-icon-above-title uagb-infobox-image-valign-top\"><div class=\"uagb-ifb-content\"><div class=\"uagb-ifb-title-wrap\"><h3 class=\"uagb-ifb-title\">Do you have questions or are you ready to place an order?<\/h3><\/div><p class=\"uagb-ifb-desc\">If you have a file or would like to consult about fabric composition, cutting possibilities, and suitability for laser processing, please submit an inquiry. We will evaluate the project and offer the most suitable solution.<\/p><div class=\"uagb-ifb-button-wrapper wp-block-button\"><a href=\"https:\/\/pjovimaslazeriu.lt\/en\/inquiry-form\/\" class=\"uagb-infobox-cta-link wp-block-button__link\" target=\"_self\" rel=\"noopener noreferrer\" onclick=\"return true;\"><span class=\"uagb-inline-editing\">Send an Inquiry<\/span><\/a><\/div><\/div><\/div>\n<\/div><\/div>\n\n\n\n<p><\/p>\n","protected":false},"excerpt":{"rendered":"<p>Laser Cutting Fabrics Laser cutting of fabrics allows precise and repeatable cutting of textile parts according to a digital file. This method is especially suitable for the production of clothing, accessories, and interior textiles, where precise contours, clean edges, and consistent results across the entire batch are important. Cut properties and edge appearance When cutting [&hellip;]<\/p>\n","protected":false},"author":1,"featured_media":0,"parent":1772,"menu_order":9,"comment_status":"closed","ping_status":"closed","template":"","meta":{"_uag_custom_page_level_css":"","site-sidebar-layout":"default","site-content-layout":"","ast-site-content-layout":"normal-width-container","site-content-style":"unboxed","site-sidebar-style":"default","ast-global-header-display":"","ast-banner-title-visibility":"","ast-main-header-display":"","ast-hfb-above-header-display":"","ast-hfb-below-header-display":"","ast-hfb-mobile-header-display":"","site-post-title":"disabled","ast-breadcrumbs-content":"","ast-featured-img":"","footer-sml-layout":"","ast-disable-related-posts":"","theme-transparent-header-meta":"","adv-header-id-meta":"","stick-header-meta":"","header-above-stick-meta":"","header-main-stick-meta":"","header-below-stick-meta":"","astra-migrate-meta-layouts":"set","ast-page-background-enabled":"default","ast-page-background-meta":{"desktop":{"background-color":"","background-image":"","background-repeat":"repeat","background-position":"center center","background-size":"auto","background-attachment":"scroll","background-type":"","background-media":"","overlay-type":"","overlay-color":"","overlay-opacity":"","overlay-gradient":""},"tablet":{"background-color":"","background-image":"","background-repeat":"repeat","background-position":"center center","background-size":"auto","background-attachment":"scroll","background-type":"","background-media":"","overlay-type":"","overlay-color":"","overlay-opacity":"","overlay-gradient":""},"mobile":{"background-color":"","background-image":"","background-repeat":"repeat","background-position":"center center","background-size":"auto","background-attachment":"scroll","background-type":"","background-media":"","overlay-type":"","overlay-color":"","overlay-opacity":"","overlay-gradient":""}},"ast-content-background-meta":{"desktop":{"background-color":"var(--ast-global-color-5)","background-image":"","background-repeat":"repeat","background-position":"center center","background-size":"auto","background-attachment":"scroll","background-type":"","background-media":"","overlay-type":"","overlay-color":"","overlay-opacity":"","overlay-gradient":""},"tablet":{"background-color":"var(--ast-global-color-5)","background-image":"","background-repeat":"repeat","background-position":"center center","background-size":"auto","background-attachment":"scroll","background-type":"","background-media":"","overlay-type":"","overlay-color":"","overlay-opacity":"","overlay-gradient":""},"mobile":{"background-color":"var(--ast-global-color-5)","background-image":"","background-repeat":"repeat","background-position":"center center","background-size":"auto","background-attachment":"scroll","background-type":"","background-media":"","overlay-type":"","overlay-color":"","overlay-opacity":"","overlay-gradient":""}},"footnotes":""},"class_list":["post-1790","page","type-page","status-publish","hentry"],"uagb_featured_image_src":{"full":false,"thumbnail":false,"medium":false,"medium_large":false,"large":false,"1536x1536":false,"2048x2048":false,"woocommerce_thumbnail":false,"woocommerce_single":false,"woocommerce_gallery_thumbnail":false},"uagb_author_info":{"display_name":"MB MP","author_link":"https:\/\/pjovimaslazeriu.lt\/en\/author\/martiszxcgmail-com\/"},"uagb_comment_info":0,"uagb_excerpt":"Laser Cutting Fabrics Laser cutting of fabrics allows precise and repeatable cutting of textile parts according to a digital file. This method is especially suitable for the production of clothing, accessories, and interior textiles, where precise contours, clean edges, and consistent results across the entire batch are important. Cut properties and edge appearance When cutting&hellip;","_links":{"self":[{"href":"https:\/\/pjovimaslazeriu.lt\/en\/wp-json\/wp\/v2\/pages\/1790","targetHints":{"allow":["GET"]}}],"collection":[{"href":"https:\/\/pjovimaslazeriu.lt\/en\/wp-json\/wp\/v2\/pages"}],"about":[{"href":"https:\/\/pjovimaslazeriu.lt\/en\/wp-json\/wp\/v2\/types\/page"}],"author":[{"embeddable":true,"href":"https:\/\/pjovimaslazeriu.lt\/en\/wp-json\/wp\/v2\/users\/1"}],"replies":[{"embeddable":true,"href":"https:\/\/pjovimaslazeriu.lt\/en\/wp-json\/wp\/v2\/comments?post=1790"}],"version-history":[{"count":5,"href":"https:\/\/pjovimaslazeriu.lt\/en\/wp-json\/wp\/v2\/pages\/1790\/revisions"}],"predecessor-version":[{"id":1934,"href":"https:\/\/pjovimaslazeriu.lt\/en\/wp-json\/wp\/v2\/pages\/1790\/revisions\/1934"}],"up":[{"embeddable":true,"href":"https:\/\/pjovimaslazeriu.lt\/en\/wp-json\/wp\/v2\/pages\/1772"}],"wp:attachment":[{"href":"https:\/\/pjovimaslazeriu.lt\/en\/wp-json\/wp\/v2\/media?parent=1790"}],"curies":[{"name":"wp","href":"https:\/\/api.w.org\/{rel}","templated":true}]}}