{"id":1780,"date":"2026-01-11T16:20:25","date_gmt":"2026-01-11T16:20:25","guid":{"rendered":"https:\/\/pjovimaslazeriu.lt\/laser-cutting-2\/laser-cutting-of-cardboard\/"},"modified":"2026-02-04T13:02:15","modified_gmt":"2026-02-04T13:02:15","slug":"laser-cutting-cardboard","status":"publish","type":"page","link":"https:\/\/pjovimaslazeriu.lt\/en\/laser-cutting-2\/laser-cutting-cardboard\/","title":{"rendered":"Laser Cutting Cardboard"},"content":{"rendered":"\n<div class=\"wp-block-uagb-container uagb-block-afb7af36 alignfull uagb-is-root-container\"><div class=\"uagb-container-inner-blocks-wrap\">\n<div class=\"wp-block-uagb-advanced-heading uagb-block-b466a545\"><h1 class=\"uagb-heading-text\">Laser Cutting Cardboard<\/h1><\/div>\n\n\n\n<p class=\"has-ast-global-color-5-color has-text-color has-link-color has-medium-font-size wp-elements-3496624ef229b410526768b1ba409bb9\">Laser cutting of cardboard is a precise and fast way to cut parts according to a digital file without mechanical contact with the material. This technology is especially suitable for packaging, mock-ups, prototypes, and decorative solutions where clean cuts and detail are important.<\/p>\n<\/div><\/div>\n\n\n\n<div class=\"wp-block-uagb-container uagb-block-85afc957 alignfull uagb-is-root-container\"><div class=\"uagb-container-inner-blocks-wrap\">\n<div class=\"wp-block-media-text is-stacked-on-mobile is-vertically-aligned-center\" style=\"border-width:2px;border-top-left-radius:20px;border-top-right-radius:20px;border-bottom-left-radius:20px;border-bottom-right-radius:20px;grid-template-columns:35% auto\"><figure class=\"wp-block-media-text__media\"><img loading=\"lazy\" decoding=\"async\" width=\"400\" height=\"400\" src=\"http:\/\/pjovimaslazeriu.lt\/wp-content\/uploads\/2026\/01\/5-1.png\" alt=\"\" class=\"wp-image-1391 size-full\" srcset=\"https:\/\/pjovimaslazeriu.lt\/wp-content\/uploads\/2026\/01\/5-1.png 400w, https:\/\/pjovimaslazeriu.lt\/wp-content\/uploads\/2026\/01\/5-1-300x300.png 300w, https:\/\/pjovimaslazeriu.lt\/wp-content\/uploads\/2026\/01\/5-1-100x100.png 100w, https:\/\/pjovimaslazeriu.lt\/wp-content\/uploads\/2026\/01\/5-1-150x150.png 150w\" sizes=\"auto, (max-width: 400px) 100vw, 400px\" \/><\/figure><div class=\"wp-block-media-text__content\">\n<div class=\"wp-block-uagb-info-box uagb-block-5d50dbeb uagb-infobox__content-wrap  uagb-infobox-icon-above-title uagb-infobox-image-valign-top\"><div class=\"uagb-ifb-content\"><div class=\"uagb-ifb-title-wrap\"><h3 class=\"uagb-ifb-title\">Types and thickness of cardboard processed<\/h3><\/div><p class=\"uagb-ifb-desc\">We laser cut various types of cardboard suitable for laser processing, including micro-corrugated board, packaging cardboard, model-making cardboard, and other similar cardboard products. Cutting capabilities depend on the cardboard structure, density, and thickness. The maximum cardboard thickness that can be processed while maintaining small tolerances is 15 mm. Thinner and more uniform cardboards allow achieving very precise and clean cuts. Thicker or multi-layer cardboards are evaluated individually, selecting appropriate cutting parameters.<\/p><\/div><\/div>\n<\/div><\/div>\n\n\n\n<div class=\"wp-block-media-text has-media-on-the-right is-stacked-on-mobile\" style=\"border-width:2px;border-top-left-radius:20px;border-top-right-radius:20px;border-bottom-left-radius:20px;border-bottom-right-radius:20px;grid-template-columns:auto 35%\"><div class=\"wp-block-media-text__content\">\n<div class=\"wp-block-uagb-info-box uagb-block-49ac9768 uagb-infobox__content-wrap  uagb-infobox-icon-above-title uagb-infobox-image-valign-top\"><div class=\"uagb-ifb-content\"><div class=\"uagb-ifb-title-wrap\"><h3 class=\"uagb-ifb-title\">Precision and applications<\/h3><\/div><p class=\"uagb-ifb-desc\">Laser cutting allows precise cutting of both simple shapes and complex contours. Since there is no mechanical pressure, the cardboard is not deformed during cutting.<br>Laser cutting of cardboard is suitable for:<br>Packaging and box prototypes,<br>Mock-ups and models,<br>Advertising and display elements,<br>Decorative elements.<\/p><\/div><\/div>\n<\/div><figure class=\"wp-block-media-text__media\"><img loading=\"lazy\" decoding=\"async\" width=\"800\" height=\"800\" src=\"http:\/\/pjovimaslazeriu.lt\/wp-content\/uploads\/2026\/01\/5-2.png\" alt=\"\" class=\"wp-image-1697 size-full\" srcset=\"https:\/\/pjovimaslazeriu.lt\/wp-content\/uploads\/2026\/01\/5-2.png 800w, https:\/\/pjovimaslazeriu.lt\/wp-content\/uploads\/2026\/01\/5-2-300x300.png 300w, https:\/\/pjovimaslazeriu.lt\/wp-content\/uploads\/2026\/01\/5-2-100x100.png 100w, https:\/\/pjovimaslazeriu.lt\/wp-content\/uploads\/2026\/01\/5-2-600x600.png 600w, https:\/\/pjovimaslazeriu.lt\/wp-content\/uploads\/2026\/01\/5-2-150x150.png 150w, https:\/\/pjovimaslazeriu.lt\/wp-content\/uploads\/2026\/01\/5-2-768x768.png 768w\" sizes=\"auto, (max-width: 800px) 100vw, 800px\" \/><\/figure><\/div>\n<\/div><\/div>\n\n\n\n<div class=\"wp-block-uagb-container uagb-block-3e64f9dd alignfull uagb-is-root-container\"><div class=\"uagb-container-inner-blocks-wrap\">\n<div class=\"wp-block-uagb-advanced-heading uagb-block-97523d52\"><h2 class=\"uagb-heading-text\"><strong>Cut properties and edge appearance<\/strong><\/h2><\/div>\n\n\n\n<p class=\"has-medium-font-size\">When cutting cardboard with a laser, the cut edges may slightly darken due to thermal effects. This is a natural characteristic of laser cutting, especially when cutting thicker or denser cardboard. The cut remains precise and smooth, without additional mechanical finishing.<\/p>\n\n\n\n<p class=\"has-medium-font-size\">Cardboard laser cutting is performed using provided vector files (DXF, SVG, PDF). Prie\u0161 gamyb\u0105 \u012fvertiname kartono tip\u0105, stor\u012f ir detali\u0173 sud\u0117tingum\u0105, kad b\u016bt\u0173 parinkti tinkami pjovimo parametrai ir u\u017etikrintas stabilus rezultatas.<\/p>\n<\/div><\/div>\n\n\n\n<div class=\"wp-block-uagb-container uagb-block-ad4d5308 alignfull uagb-is-root-container\"><div class=\"uagb-container-inner-blocks-wrap\">\n<div class=\"wp-block-uagb-advanced-heading uagb-block-45830ad1\"><h2 class=\"uagb-heading-text\">Other Laser-Cut Materials<\/h2><\/div>\n\n\n\n<div class=\"wp-block-uagb-container uagb-block-ec0fd82b\">\n<div class=\"wp-block-columns is-layout-flex wp-container-core-columns-is-layout-28f84493 wp-block-columns-is-layout-flex\">\n<div class=\"wp-block-column is-layout-flow wp-block-column-is-layout-flow\">\n<div class=\"wp-block-media-text is-stacked-on-mobile has-border-color\" style=\"border-color:#00000059;border-width:3px;border-top-left-radius:10px;border-top-right-radius:10px;border-bottom-left-radius:10px;border-bottom-right-radius:10px;grid-template-columns:36% auto\"><figure class=\"wp-block-media-text__media\"><a href=\"https:\/\/pjovimaslazeriu.lt\/en\/laser-cutting-2\/laser-cutting-paper\/\"><img loading=\"lazy\" decoding=\"async\" width=\"400\" height=\"400\" src=\"http:\/\/pjovimaslazeriu.lt\/wp-content\/uploads\/2026\/01\/4-2.png\" alt=\"\" class=\"wp-image-1390 size-full\" srcset=\"https:\/\/pjovimaslazeriu.lt\/wp-content\/uploads\/2026\/01\/4-2.png 400w, https:\/\/pjovimaslazeriu.lt\/wp-content\/uploads\/2026\/01\/4-2-300x300.png 300w, https:\/\/pjovimaslazeriu.lt\/wp-content\/uploads\/2026\/01\/4-2-100x100.png 100w, https:\/\/pjovimaslazeriu.lt\/wp-content\/uploads\/2026\/01\/4-2-150x150.png 150w\" sizes=\"auto, (max-width: 400px) 100vw, 400px\" \/><\/a><\/figure><div class=\"wp-block-media-text__content\">\n<p class=\"has-ast-global-color-1-color has-text-color has-link-color wp-elements-151176ec657e6c1d1e0f40285d64541a\" style=\"border-style:none;border-width:0px;margin-top:0;margin-bottom:0;padding-top:0;padding-right:0;padding-bottom:0;padding-left:0;font-size:23px\"><strong><a href=\"https:\/\/pjovimaslazeriu.lt\/en\/laser-cutting-2\/laser-cutting-paper\/\" data-type=\"link\" data-id=\"https:\/\/pjovimaslazeriu.lt\/en\/laser-cutting-2\/laser-cutting-paper\/\">Laser Cutting Paper<\/a><\/strong><\/p>\n<\/div><\/div>\n<\/div>\n\n\n\n<div class=\"wp-block-column is-layout-flow wp-block-column-is-layout-flow\">\n<div class=\"wp-block-media-text is-stacked-on-mobile has-border-color\" style=\"border-color:#00000059;border-width:3px;border-top-left-radius:10px;border-top-right-radius:10px;border-bottom-left-radius:10px;border-bottom-right-radius:10px;grid-template-columns:36% auto\"><figure class=\"wp-block-media-text__media\"><a href=\"https:\/\/pjovimaslazeriu.lt\/en\/laser-cutting-2\/laser-cutting-leather\/\"><img loading=\"lazy\" decoding=\"async\" width=\"400\" height=\"400\" src=\"http:\/\/pjovimaslazeriu.lt\/wp-content\/uploads\/2026\/01\/6.png\" alt=\"\" class=\"wp-image-1392 size-full\" srcset=\"https:\/\/pjovimaslazeriu.lt\/wp-content\/uploads\/2026\/01\/6.png 400w, https:\/\/pjovimaslazeriu.lt\/wp-content\/uploads\/2026\/01\/6-300x300.png 300w, https:\/\/pjovimaslazeriu.lt\/wp-content\/uploads\/2026\/01\/6-100x100.png 100w, https:\/\/pjovimaslazeriu.lt\/wp-content\/uploads\/2026\/01\/6-150x150.png 150w\" sizes=\"auto, (max-width: 400px) 100vw, 400px\" \/><\/a><\/figure><div class=\"wp-block-media-text__content\">\n<p class=\"has-ast-global-color-1-color has-text-color has-link-color wp-elements-52eca8d242c5f14fb2f4d69d28889a34\" style=\"border-style:none;border-width:0px;margin-top:0;margin-bottom:0;padding-top:0;padding-right:0;padding-bottom:0;padding-left:0;font-size:22px\"><strong><a href=\"https:\/\/pjovimaslazeriu.lt\/en\/laser-cutting-2\/laser-cutting-leather\/\" data-type=\"link\" data-id=\"https:\/\/pjovimaslazeriu.lt\/en\/laser-cutting-2\/laser-cutting-leather\/\">Laser Cutting Leather<\/a><\/strong><\/p>\n<\/div><\/div>\n<\/div>\n\n\n\n<div class=\"wp-block-column is-layout-flow wp-block-column-is-layout-flow\">\n<div class=\"wp-block-media-text is-stacked-on-mobile has-border-color\" style=\"border-color:#00000059;border-width:3px;border-top-left-radius:10px;border-top-right-radius:10px;border-bottom-left-radius:10px;border-bottom-right-radius:10px;grid-template-columns:36% auto\"><figure class=\"wp-block-media-text__media\"><a href=\"https:\/\/pjovimaslazeriu.lt\/en\/laser-cutting-2\/laser-cutting-foam\/\"><img loading=\"lazy\" decoding=\"async\" width=\"400\" height=\"400\" src=\"http:\/\/pjovimaslazeriu.lt\/wp-content\/uploads\/2026\/01\/8.png\" alt=\"\" class=\"wp-image-1398 size-full\" srcset=\"https:\/\/pjovimaslazeriu.lt\/wp-content\/uploads\/2026\/01\/8.png 400w, https:\/\/pjovimaslazeriu.lt\/wp-content\/uploads\/2026\/01\/8-300x300.png 300w, https:\/\/pjovimaslazeriu.lt\/wp-content\/uploads\/2026\/01\/8-100x100.png 100w, https:\/\/pjovimaslazeriu.lt\/wp-content\/uploads\/2026\/01\/8-150x150.png 150w\" sizes=\"auto, (max-width: 400px) 100vw, 400px\" \/><\/a><\/figure><div class=\"wp-block-media-text__content\">\n<p class=\"has-ast-global-color-1-color has-text-color has-link-color wp-elements-3616bf4375eeafb470097d7f5f5b356a\" style=\"border-style:none;border-width:0px;margin-top:0;margin-bottom:0;padding-top:0;padding-right:0;padding-bottom:0;padding-left:0;font-size:23px\"><strong><a href=\"https:\/\/pjovimaslazeriu.lt\/en\/laser-cutting-2\/laser-cutting-foam\/\" data-type=\"link\" data-id=\"https:\/\/pjovimaslazeriu.lt\/en\/laser-cutting-2\/laser-cutting-foam\/\">Laser Cutting Foam<\/a><\/strong><\/p>\n<\/div><\/div>\n<\/div>\n<\/div>\n<\/div>\n<\/div><\/div>\n\n\n\n<div class=\"wp-block-uagb-container uagb-block-e94e3679 alignfull uagb-is-root-container\"><div class=\"uagb-container-inner-blocks-wrap\">\n<div class=\"wp-block-uagb-info-box uagb-block-b9eef7d2 uagb-infobox__content-wrap  uagb-infobox-icon-above-title uagb-infobox-image-valign-top\"><div class=\"uagb-ifb-content\"><div class=\"uagb-ifb-title-wrap\"><h3 class=\"uagb-ifb-title\">Do you have questions or are you ready to place an order?<\/h3><\/div><p class=\"uagb-ifb-desc\">If you have a file or would like to consult about cardboard type and cutting possibilities, please submit an inquiry. We will evaluate the project and offer the most suitable solution.<\/p><div class=\"uagb-ifb-button-wrapper wp-block-button\"><a href=\"https:\/\/pjovimaslazeriu.lt\/en\/inquiry-form\/\" class=\"uagb-infobox-cta-link wp-block-button__link\" target=\"_self\" rel=\"noopener noreferrer\" onclick=\"return true;\"><span class=\"uagb-inline-editing\">Send an Inquiry<\/span><\/a><\/div><\/div><\/div>\n<\/div><\/div>\n\n\n\n<p><\/p>\n","protected":false},"excerpt":{"rendered":"<p>Laser Cutting Cardboard Laser cutting of cardboard is a precise and fast way to cut parts according to a digital file without mechanical contact with the material. This technology is especially suitable for packaging, mock-ups, prototypes, and decorative solutions where clean cuts and detail are important. Cut properties and edge appearance When cutting cardboard with [&hellip;]<\/p>\n","protected":false},"author":1,"featured_media":0,"parent":1772,"menu_order":4,"comment_status":"closed","ping_status":"closed","template":"","meta":{"_uag_custom_page_level_css":"","site-sidebar-layout":"default","site-content-layout":"","ast-site-content-layout":"normal-width-container","site-content-style":"unboxed","site-sidebar-style":"default","ast-global-header-display":"","ast-banner-title-visibility":"","ast-main-header-display":"","ast-hfb-above-header-display":"","ast-hfb-below-header-display":"","ast-hfb-mobile-header-display":"","site-post-title":"disabled","ast-breadcrumbs-content":"","ast-featured-img":"","footer-sml-layout":"","ast-disable-related-posts":"","theme-transparent-header-meta":"","adv-header-id-meta":"","stick-header-meta":"","header-above-stick-meta":"","header-main-stick-meta":"","header-below-stick-meta":"","astra-migrate-meta-layouts":"set","ast-page-background-enabled":"default","ast-page-background-meta":{"desktop":{"background-color":"","background-image":"","background-repeat":"repeat","background-position":"center center","background-size":"auto","background-attachment":"scroll","background-type":"","background-media":"","overlay-type":"","overlay-color":"","overlay-opacity":"","overlay-gradient":""},"tablet":{"background-color":"","background-image":"","background-repeat":"repeat","background-position":"center center","background-size":"auto","background-attachment":"scroll","background-type":"","background-media":"","overlay-type":"","overlay-color":"","overlay-opacity":"","overlay-gradient":""},"mobile":{"background-color":"","background-image":"","background-repeat":"repeat","background-position":"center center","background-size":"auto","background-attachment":"scroll","background-type":"","background-media":"","overlay-type":"","overlay-color":"","overlay-opacity":"","overlay-gradient":""}},"ast-content-background-meta":{"desktop":{"background-color":"var(--ast-global-color-5)","background-image":"","background-repeat":"repeat","background-position":"center center","background-size":"auto","background-attachment":"scroll","background-type":"","background-media":"","overlay-type":"","overlay-color":"","overlay-opacity":"","overlay-gradient":""},"tablet":{"background-color":"var(--ast-global-color-5)","background-image":"","background-repeat":"repeat","background-position":"center center","background-size":"auto","background-attachment":"scroll","background-type":"","background-media":"","overlay-type":"","overlay-color":"","overlay-opacity":"","overlay-gradient":""},"mobile":{"background-color":"var(--ast-global-color-5)","background-image":"","background-repeat":"repeat","background-position":"center center","background-size":"auto","background-attachment":"scroll","background-type":"","background-media":"","overlay-type":"","overlay-color":"","overlay-opacity":"","overlay-gradient":""}},"footnotes":""},"class_list":["post-1780","page","type-page","status-publish","hentry"],"uagb_featured_image_src":{"full":false,"thumbnail":false,"medium":false,"medium_large":false,"large":false,"1536x1536":false,"2048x2048":false,"woocommerce_thumbnail":false,"woocommerce_single":false,"woocommerce_gallery_thumbnail":false},"uagb_author_info":{"display_name":"MB MP","author_link":"https:\/\/pjovimaslazeriu.lt\/en\/author\/martiszxcgmail-com\/"},"uagb_comment_info":0,"uagb_excerpt":"Laser Cutting Cardboard Laser cutting of cardboard is a precise and fast way to cut parts according to a digital file without mechanical contact with the material. This technology is especially suitable for packaging, mock-ups, prototypes, and decorative solutions where clean cuts and detail are important. Cut properties and edge appearance When cutting cardboard with&hellip;","_links":{"self":[{"href":"https:\/\/pjovimaslazeriu.lt\/en\/wp-json\/wp\/v2\/pages\/1780","targetHints":{"allow":["GET"]}}],"collection":[{"href":"https:\/\/pjovimaslazeriu.lt\/en\/wp-json\/wp\/v2\/pages"}],"about":[{"href":"https:\/\/pjovimaslazeriu.lt\/en\/wp-json\/wp\/v2\/types\/page"}],"author":[{"embeddable":true,"href":"https:\/\/pjovimaslazeriu.lt\/en\/wp-json\/wp\/v2\/users\/1"}],"replies":[{"embeddable":true,"href":"https:\/\/pjovimaslazeriu.lt\/en\/wp-json\/wp\/v2\/comments?post=1780"}],"version-history":[{"count":3,"href":"https:\/\/pjovimaslazeriu.lt\/en\/wp-json\/wp\/v2\/pages\/1780\/revisions"}],"predecessor-version":[{"id":1921,"href":"https:\/\/pjovimaslazeriu.lt\/en\/wp-json\/wp\/v2\/pages\/1780\/revisions\/1921"}],"up":[{"embeddable":true,"href":"https:\/\/pjovimaslazeriu.lt\/en\/wp-json\/wp\/v2\/pages\/1772"}],"wp:attachment":[{"href":"https:\/\/pjovimaslazeriu.lt\/en\/wp-json\/wp\/v2\/media?parent=1780"}],"curies":[{"name":"wp","href":"https:\/\/api.w.org\/{rel}","templated":true}]}}