{"id":1752,"date":"2026-01-12T17:33:31","date_gmt":"2026-01-12T17:33:31","guid":{"rendered":"https:\/\/pjovimaslazeriu.lt\/laser-engraving\/cardboard-laser-engraving\/"},"modified":"2026-02-03T19:43:09","modified_gmt":"2026-02-03T19:43:09","slug":"laser-engraving-cardboard","status":"publish","type":"page","link":"https:\/\/pjovimaslazeriu.lt\/en\/laser-engraving\/laser-engraving-cardboard\/","title":{"rendered":"Laser Engraving Cardboard"},"content":{"rendered":"\n<div class=\"wp-block-uagb-container uagb-block-afb7af36 alignfull uagb-is-root-container\"><div class=\"uagb-container-inner-blocks-wrap\">\n<div class=\"wp-block-uagb-advanced-heading uagb-block-b466a545\"><h1 class=\"uagb-heading-text\">Laser Engraving Cardboard<\/h1><\/div>\n\n\n\n<p class=\"has-ast-global-color-5-color has-text-color has-link-color has-medium-font-size wp-elements-072ae4c504a41cf25d379a020952ce6f\">Laser engraving on cardboard allows precise and fast surface marking, producing text, graphic elements, or patterns based on a digital layout. This method is most commonly used for visual, informational, and prototyping solutions where a clear image and accurate detail reproduction are important.<\/p>\n<\/div><\/div>\n\n\n\n<div class=\"wp-block-uagb-container uagb-block-85afc957 alignfull uagb-is-root-container\"><div class=\"uagb-container-inner-blocks-wrap\">\n<div class=\"wp-block-media-text is-stacked-on-mobile is-vertically-aligned-center\" style=\"border-width:2px;border-top-left-radius:20px;border-top-right-radius:20px;border-bottom-left-radius:20px;border-bottom-right-radius:20px;grid-template-columns:35% auto\"><figure class=\"wp-block-media-text__media\"><img loading=\"lazy\" decoding=\"async\" width=\"400\" height=\"400\" src=\"http:\/\/pjovimaslazeriu.lt\/wp-content\/uploads\/2026\/01\/5-1.png\" alt=\"\" class=\"wp-image-1391 size-full\" srcset=\"https:\/\/pjovimaslazeriu.lt\/wp-content\/uploads\/2026\/01\/5-1.png 400w, https:\/\/pjovimaslazeriu.lt\/wp-content\/uploads\/2026\/01\/5-1-300x300.png 300w, https:\/\/pjovimaslazeriu.lt\/wp-content\/uploads\/2026\/01\/5-1-100x100.png 100w, https:\/\/pjovimaslazeriu.lt\/wp-content\/uploads\/2026\/01\/5-1-150x150.png 150w\" sizes=\"auto, (max-width: 400px) 100vw, 400px\" \/><\/figure><div class=\"wp-block-media-text__content\">\n<div class=\"wp-block-uagb-info-box uagb-block-5d50dbeb uagb-infobox__content-wrap  uagb-infobox-icon-above-title uagb-infobox-image-valign-top\"><div class=\"uagb-ifb-content\"><div class=\"uagb-ifb-title-wrap\"><h3 class=\"uagb-ifb-title\">Types and thickness of cardboard suitable for engraving<\/h3><\/div><p class=\"uagb-ifb-desc\">We laser engrave various types of cardboard such as model board, packaging cardboard, micro-corrugated board, and other cardboard products suitable for laser processing. The engraving result depends on the cardboard structure, number of layers, surface coating, and density.<br>Since cardboard is a layered material, engraving usually affects only the surface layer. Thicker or multi-layer cardboard is evaluated individually to maintain image clarity and structural integrity.<\/p><\/div><\/div>\n<\/div><\/div>\n\n\n\n<div class=\"wp-block-media-text has-media-on-the-right is-stacked-on-mobile\" style=\"border-width:2px;border-top-left-radius:20px;border-top-right-radius:20px;border-bottom-left-radius:20px;border-bottom-right-radius:20px;grid-template-columns:auto 35%\"><div class=\"wp-block-media-text__content\">\n<div class=\"wp-block-uagb-info-box uagb-block-49ac9768 uagb-infobox__content-wrap  uagb-infobox-icon-above-title uagb-infobox-image-valign-top\"><div class=\"uagb-ifb-content\"><div class=\"uagb-ifb-title-wrap\"><h3 class=\"uagb-ifb-title\">Precision and applications<\/h3><\/div><p class=\"uagb-ifb-desc\">Laser engraving allows clear text, symbols, and simple graphic elements to be produced. Since there is no mechanical contact, the cardboard is not pressed or deformed during engraving.<br>Laser engraving on cardboard is most commonly used for:<br>Packaging and box marking,<br>Models and prototypes,<br>Presentation and display elements,<br>Decorative solutions,<br>Short-term informational products.<\/p><\/div><\/div>\n<\/div><figure class=\"wp-block-media-text__media\"><img loading=\"lazy\" decoding=\"async\" width=\"800\" height=\"800\" src=\"http:\/\/pjovimaslazeriu.lt\/wp-content\/uploads\/2026\/01\/5-2.png\" alt=\"\" class=\"wp-image-1697 size-full\" srcset=\"https:\/\/pjovimaslazeriu.lt\/wp-content\/uploads\/2026\/01\/5-2.png 800w, https:\/\/pjovimaslazeriu.lt\/wp-content\/uploads\/2026\/01\/5-2-300x300.png 300w, https:\/\/pjovimaslazeriu.lt\/wp-content\/uploads\/2026\/01\/5-2-100x100.png 100w, https:\/\/pjovimaslazeriu.lt\/wp-content\/uploads\/2026\/01\/5-2-600x600.png 600w, https:\/\/pjovimaslazeriu.lt\/wp-content\/uploads\/2026\/01\/5-2-150x150.png 150w, https:\/\/pjovimaslazeriu.lt\/wp-content\/uploads\/2026\/01\/5-2-768x768.png 768w\" sizes=\"auto, (max-width: 800px) 100vw, 800px\" \/><\/figure><\/div>\n<\/div><\/div>\n\n\n\n<div class=\"wp-block-uagb-container uagb-block-3e64f9dd alignfull uagb-is-root-container\"><div class=\"uagb-container-inner-blocks-wrap\">\n<div class=\"wp-block-uagb-advanced-heading uagb-block-97523d52\"><h2 class=\"uagb-heading-text\"><strong>Engraving depth and surface appearance<\/strong><\/h2><\/div>\n\n\n\n<p class=\"has-medium-font-size\">During engraving, the laser removes or darkens the top layer of the cardboard, so the image is formed based on contrast. Depending on the color and structure of the cardboard, the engraved area may darken or acquire a slightly rougher texture.<\/p>\n\n\n\n<p class=\"has-medium-font-size\">Due to thermal impact, slight darkening of the cardboard may occur in engraved areas \u2013 this is a natural characteristic of laser engraving. Before production, appropriate parameters are selected to maintain a balance between image clarity and material integrity.<\/p>\n\n\n\n<p class=\"has-medium-font-size\">Cardboard engraving is performed using provided vector or raster files (DXF, SVG, PDF, JPG, PNG). Prie\u0161 graviravim\u0105 \u012fvertiname kartono tip\u0105, pavir\u0161iaus savybes ir maketo detalum\u0105, kad b\u016bt\u0173 pasiektas stabilus ir pakartojamas rezultatas.<\/p>\n<\/div><\/div>\n\n\n\n<div class=\"wp-block-uagb-container uagb-block-ad4d5308 alignfull uagb-is-root-container\"><div class=\"uagb-container-inner-blocks-wrap\">\n<div class=\"wp-block-uagb-advanced-heading uagb-block-45830ad1\"><h2 class=\"uagb-heading-text\">Other Materials Engraved by Laser<\/h2><\/div>\n\n\n\n<div class=\"wp-block-uagb-container uagb-block-ec0fd82b\">\n<div class=\"wp-block-columns is-layout-flex wp-container-core-columns-is-layout-28f84493 wp-block-columns-is-layout-flex\">\n<div class=\"wp-block-column is-layout-flow wp-block-column-is-layout-flow\">\n<div class=\"wp-block-media-text is-stacked-on-mobile has-border-color\" style=\"border-color:#00000059;border-width:3px;border-top-left-radius:10px;border-top-right-radius:10px;border-bottom-left-radius:10px;border-bottom-right-radius:10px;grid-template-columns:36% auto\"><figure class=\"wp-block-media-text__media\"><a href=\"https:\/\/pjovimaslazeriu.lt\/en\/laser-engraving\/laser-engraving-wood-products\/\"><img loading=\"lazy\" decoding=\"async\" width=\"400\" height=\"400\" src=\"http:\/\/pjovimaslazeriu.lt\/wp-content\/uploads\/2026\/01\/Untitled-design-2.png\" alt=\"\" class=\"wp-image-1414 size-full\" srcset=\"https:\/\/pjovimaslazeriu.lt\/wp-content\/uploads\/2026\/01\/Untitled-design-2.png 400w, https:\/\/pjovimaslazeriu.lt\/wp-content\/uploads\/2026\/01\/Untitled-design-2-300x300.png 300w, https:\/\/pjovimaslazeriu.lt\/wp-content\/uploads\/2026\/01\/Untitled-design-2-100x100.png 100w, https:\/\/pjovimaslazeriu.lt\/wp-content\/uploads\/2026\/01\/Untitled-design-2-150x150.png 150w\" sizes=\"auto, (max-width: 400px) 100vw, 400px\" \/><\/a><\/figure><div class=\"wp-block-media-text__content\">\n<p class=\"has-ast-global-color-1-color has-text-color has-link-color wp-elements-1c3868ed2c1e90a6c406e90148bfda45\" style=\"border-style:none;border-width:0px;margin-top:0;margin-bottom:0;padding-top:0;padding-right:0;padding-bottom:0;padding-left:0;font-size:23px\"><a href=\"https:\/\/pjovimaslazeriu.lt\/en\/laser-engraving\/laser-engraving-wood-products\/\"><strong>Laser Engraving Wood Products<\/strong><\/a><\/p>\n<\/div><\/div>\n<\/div>\n\n\n\n<div class=\"wp-block-column is-layout-flow wp-block-column-is-layout-flow\">\n<div class=\"wp-block-media-text is-stacked-on-mobile has-border-color\" style=\"border-color:#00000059;border-width:3px;border-top-left-radius:10px;border-top-right-radius:10px;border-bottom-left-radius:10px;border-bottom-right-radius:10px;grid-template-columns:36% auto\"><figure class=\"wp-block-media-text__media\"><a href=\"https:\/\/pjovimaslazeriu.lt\/en\/laser-engraving\/laser-engraving-leather\/\"><img loading=\"lazy\" decoding=\"async\" width=\"400\" height=\"400\" src=\"http:\/\/pjovimaslazeriu.lt\/wp-content\/uploads\/2026\/01\/6.png\" alt=\"\" class=\"wp-image-1392 size-full\" srcset=\"https:\/\/pjovimaslazeriu.lt\/wp-content\/uploads\/2026\/01\/6.png 400w, https:\/\/pjovimaslazeriu.lt\/wp-content\/uploads\/2026\/01\/6-300x300.png 300w, https:\/\/pjovimaslazeriu.lt\/wp-content\/uploads\/2026\/01\/6-100x100.png 100w, https:\/\/pjovimaslazeriu.lt\/wp-content\/uploads\/2026\/01\/6-150x150.png 150w\" sizes=\"auto, (max-width: 400px) 100vw, 400px\" \/><\/a><\/figure><div class=\"wp-block-media-text__content\">\n<p class=\"has-ast-global-color-1-color has-text-color has-link-color wp-elements-20b3abd9841b12f004c840186890cd08\" style=\"border-style:none;border-width:0px;margin-top:0;margin-bottom:0;padding-top:0;padding-right:0;padding-bottom:0;padding-left:0;font-size:22px\"><strong><a href=\"https:\/\/pjovimaslazeriu.lt\/en\/laser-engraving\/laser-engraving-leather\/\" data-type=\"link\" data-id=\"https:\/\/pjovimaslazeriu.lt\/en\/laser-engraving\/laser-engraving-leather\/\">Laser Engraving Leather<\/a><\/strong><\/p>\n<\/div><\/div>\n<\/div>\n\n\n\n<div class=\"wp-block-column is-layout-flow wp-block-column-is-layout-flow\">\n<div class=\"wp-block-media-text is-stacked-on-mobile has-border-color\" style=\"border-color:#00000059;border-width:3px;border-top-left-radius:10px;border-top-right-radius:10px;border-bottom-left-radius:10px;border-bottom-right-radius:10px;grid-template-columns:36% auto\"><figure class=\"wp-block-media-text__media\"><a href=\"https:\/\/pjovimaslazeriu.lt\/en\/laser-engraving\/laser-engraving-plywood\/\"><img loading=\"lazy\" decoding=\"async\" width=\"400\" height=\"400\" src=\"http:\/\/pjovimaslazeriu.lt\/wp-content\/uploads\/2026\/01\/1-1.png\" alt=\"\" class=\"wp-image-1387 size-full\" srcset=\"https:\/\/pjovimaslazeriu.lt\/wp-content\/uploads\/2026\/01\/1-1.png 400w, https:\/\/pjovimaslazeriu.lt\/wp-content\/uploads\/2026\/01\/1-1-300x300.png 300w, https:\/\/pjovimaslazeriu.lt\/wp-content\/uploads\/2026\/01\/1-1-100x100.png 100w, https:\/\/pjovimaslazeriu.lt\/wp-content\/uploads\/2026\/01\/1-1-150x150.png 150w\" sizes=\"auto, (max-width: 400px) 100vw, 400px\" \/><\/a><\/figure><div class=\"wp-block-media-text__content\">\n<p class=\"has-ast-global-color-1-color has-text-color has-link-color wp-elements-84c780d8d325259fe921b1c0d85ffa0f\" style=\"border-style:none;border-width:0px;margin-top:0;margin-bottom:0;padding-top:0;padding-right:0;padding-bottom:0;padding-left:0;font-size:23px\"><strong><a href=\"https:\/\/pjovimaslazeriu.lt\/en\/laser-engraving\/laser-engraving-plywood\/\" data-type=\"link\" data-id=\"https:\/\/pjovimaslazeriu.lt\/en\/laser-engraving\/laser-engraving-plywood\/\">Laser Engraving Plywood<\/a><\/strong><\/p>\n<\/div><\/div>\n<\/div>\n<\/div>\n<\/div>\n<\/div><\/div>\n\n\n\n<div class=\"wp-block-uagb-container uagb-block-e94e3679 alignfull uagb-is-root-container\"><div class=\"uagb-container-inner-blocks-wrap\">\n<div class=\"wp-block-uagb-info-box uagb-block-b9eef7d2 uagb-infobox__content-wrap  uagb-infobox-icon-above-title uagb-infobox-image-valign-top\"><div class=\"uagb-ifb-content\"><div class=\"uagb-ifb-title-wrap\"><h3 class=\"uagb-ifb-title\">Do you have questions or are you ready to place an order?<\/h3><\/div><p class=\"uagb-ifb-desc\">If you have a layout or would like advice on cardboard type and engraving possibilities, please submit an inquiry. We will evaluate the project and offer the most suitable solution.<\/p><div class=\"uagb-ifb-button-wrapper wp-block-button\"><a href=\"https:\/\/pjovimaslazeriu.lt\/en\/inquiry-form\/\" class=\"uagb-infobox-cta-link wp-block-button__link\" target=\"_self\" rel=\"noopener noreferrer\" onclick=\"return true;\"><span class=\"uagb-inline-editing\">Send an Inquiry<\/span><\/a><\/div><\/div><\/div>\n<\/div><\/div>\n\n\n\n<p><\/p>\n","protected":false},"excerpt":{"rendered":"<p>Laser Engraving Cardboard Laser engraving on cardboard allows precise and fast surface marking, producing text, graphic elements, or patterns based on a digital layout. This method is most commonly used for visual, informational, and prototyping solutions where a clear image and accurate detail reproduction are important. Engraving depth and surface appearance During engraving, the laser [&hellip;]<\/p>\n","protected":false},"author":1,"featured_media":0,"parent":1735,"menu_order":4,"comment_status":"closed","ping_status":"closed","template":"","meta":{"_uag_custom_page_level_css":"","site-sidebar-layout":"default","site-content-layout":"","ast-site-content-layout":"normal-width-container","site-content-style":"unboxed","site-sidebar-style":"default","ast-global-header-display":"","ast-banner-title-visibility":"","ast-main-header-display":"","ast-hfb-above-header-display":"","ast-hfb-below-header-display":"","ast-hfb-mobile-header-display":"","site-post-title":"disabled","ast-breadcrumbs-content":"","ast-featured-img":"","footer-sml-layout":"","ast-disable-related-posts":"","theme-transparent-header-meta":"","adv-header-id-meta":"","stick-header-meta":"","header-above-stick-meta":"","header-main-stick-meta":"","header-below-stick-meta":"","astra-migrate-meta-layouts":"set","ast-page-background-enabled":"default","ast-page-background-meta":{"desktop":{"background-color":"","background-image":"","background-repeat":"repeat","background-position":"center center","background-size":"auto","background-attachment":"scroll","background-type":"","background-media":"","overlay-type":"","overlay-color":"","overlay-opacity":"","overlay-gradient":""},"tablet":{"background-color":"","background-image":"","background-repeat":"repeat","background-position":"center center","background-size":"auto","background-attachment":"scroll","background-type":"","background-media":"","overlay-type":"","overlay-color":"","overlay-opacity":"","overlay-gradient":""},"mobile":{"background-color":"","background-image":"","background-repeat":"repeat","background-position":"center center","background-size":"auto","background-attachment":"scroll","background-type":"","background-media":"","overlay-type":"","overlay-color":"","overlay-opacity":"","overlay-gradient":""}},"ast-content-background-meta":{"desktop":{"background-color":"var(--ast-global-color-5)","background-image":"","background-repeat":"repeat","background-position":"center center","background-size":"auto","background-attachment":"scroll","background-type":"","background-media":"","overlay-type":"","overlay-color":"","overlay-opacity":"","overlay-gradient":""},"tablet":{"background-color":"var(--ast-global-color-5)","background-image":"","background-repeat":"repeat","background-position":"center center","background-size":"auto","background-attachment":"scroll","background-type":"","background-media":"","overlay-type":"","overlay-color":"","overlay-opacity":"","overlay-gradient":""},"mobile":{"background-color":"var(--ast-global-color-5)","background-image":"","background-repeat":"repeat","background-position":"center center","background-size":"auto","background-attachment":"scroll","background-type":"","background-media":"","overlay-type":"","overlay-color":"","overlay-opacity":"","overlay-gradient":""}},"footnotes":""},"class_list":["post-1752","page","type-page","status-publish","hentry"],"uagb_featured_image_src":{"full":false,"thumbnail":false,"medium":false,"medium_large":false,"large":false,"1536x1536":false,"2048x2048":false,"woocommerce_thumbnail":false,"woocommerce_single":false,"woocommerce_gallery_thumbnail":false},"uagb_author_info":{"display_name":"MB MP","author_link":"https:\/\/pjovimaslazeriu.lt\/en\/author\/martiszxcgmail-com\/"},"uagb_comment_info":0,"uagb_excerpt":"Laser Engraving Cardboard Laser engraving on cardboard allows precise and fast surface marking, producing text, graphic elements, or patterns based on a digital layout. This method is most commonly used for visual, informational, and prototyping solutions where a clear image and accurate detail reproduction are important. Engraving depth and surface appearance During engraving, the laser&hellip;","_links":{"self":[{"href":"https:\/\/pjovimaslazeriu.lt\/en\/wp-json\/wp\/v2\/pages\/1752","targetHints":{"allow":["GET"]}}],"collection":[{"href":"https:\/\/pjovimaslazeriu.lt\/en\/wp-json\/wp\/v2\/pages"}],"about":[{"href":"https:\/\/pjovimaslazeriu.lt\/en\/wp-json\/wp\/v2\/types\/page"}],"author":[{"embeddable":true,"href":"https:\/\/pjovimaslazeriu.lt\/en\/wp-json\/wp\/v2\/users\/1"}],"replies":[{"embeddable":true,"href":"https:\/\/pjovimaslazeriu.lt\/en\/wp-json\/wp\/v2\/comments?post=1752"}],"version-history":[{"count":6,"href":"https:\/\/pjovimaslazeriu.lt\/en\/wp-json\/wp\/v2\/pages\/1752\/revisions"}],"predecessor-version":[{"id":1892,"href":"https:\/\/pjovimaslazeriu.lt\/en\/wp-json\/wp\/v2\/pages\/1752\/revisions\/1892"}],"up":[{"embeddable":true,"href":"https:\/\/pjovimaslazeriu.lt\/en\/wp-json\/wp\/v2\/pages\/1735"}],"wp:attachment":[{"href":"https:\/\/pjovimaslazeriu.lt\/en\/wp-json\/wp\/v2\/media?parent=1752"}],"curies":[{"name":"wp","href":"https:\/\/api.w.org\/{rel}","templated":true}]}}