{"id":1738,"date":"2026-01-12T17:22:29","date_gmt":"2026-01-12T17:22:29","guid":{"rendered":"https:\/\/pjovimaslazeriu.lt\/laser-engraving\/laser-engraving-on-plywood\/"},"modified":"2026-02-03T19:23:02","modified_gmt":"2026-02-03T19:23:02","slug":"laser-engraving-plywood","status":"publish","type":"page","link":"https:\/\/pjovimaslazeriu.lt\/en\/laser-engraving\/laser-engraving-plywood\/","title":{"rendered":"Laser Engraving Plywood"},"content":{"rendered":"\n<div class=\"wp-block-uagb-container uagb-block-afb7af36 alignfull uagb-is-root-container\"><div class=\"uagb-container-inner-blocks-wrap\">\n<div class=\"wp-block-uagb-advanced-heading uagb-block-b466a545\"><h1 class=\"uagb-heading-text\">Laser Engraving Plywood<\/h1><\/div>\n\n\n\n<p class=\"has-ast-global-color-5-color has-text-color has-link-color has-medium-font-size wp-elements-7f751e7a031fc60b97b2bc689db2ed40\">Laser engraving on plywood allows precise and long-lasting surface marking, producing clear patterns, text, or graphic elements based on a digital design. This method is especially suitable when fine detail, consistent repeatability, and the natural texture of plywood are important.<\/p>\n<\/div><\/div>\n\n\n\n<div class=\"wp-block-uagb-container uagb-block-85afc957 alignfull uagb-is-root-container\"><div class=\"uagb-container-inner-blocks-wrap\">\n<div class=\"wp-block-media-text is-stacked-on-mobile is-vertically-aligned-center\" style=\"border-width:2px;border-top-left-radius:20px;border-top-right-radius:20px;border-bottom-left-radius:20px;border-bottom-right-radius:20px;grid-template-columns:35% auto\"><figure class=\"wp-block-media-text__media\"><img loading=\"lazy\" decoding=\"async\" width=\"400\" height=\"400\" src=\"http:\/\/pjovimaslazeriu.lt\/wp-content\/uploads\/2026\/01\/1-1.png\" alt=\"\" class=\"wp-image-1387 size-full\" srcset=\"https:\/\/pjovimaslazeriu.lt\/wp-content\/uploads\/2026\/01\/1-1.png 400w, https:\/\/pjovimaslazeriu.lt\/wp-content\/uploads\/2026\/01\/1-1-300x300.png 300w, https:\/\/pjovimaslazeriu.lt\/wp-content\/uploads\/2026\/01\/1-1-100x100.png 100w, https:\/\/pjovimaslazeriu.lt\/wp-content\/uploads\/2026\/01\/1-1-150x150.png 150w\" sizes=\"auto, (max-width: 400px) 100vw, 400px\" \/><\/figure><div class=\"wp-block-media-text__content\">\n<div class=\"wp-block-uagb-info-box uagb-block-5d50dbeb uagb-infobox__content-wrap  uagb-infobox-icon-above-title uagb-infobox-image-valign-top\"><div class=\"uagb-ifb-content\"><div class=\"uagb-ifb-title-wrap\"><h3 class=\"uagb-ifb-title\">Types and thickness of plywood processed<\/h3><\/div><p class=\"uagb-ifb-desc\">We engrave <strong>birch plywood and other types of plywood<\/strong> suitable for laser processing. The engraving result depends on the structure of the plywood layers, the glue composition, and surface treatment, but in general <strong>almost any plywood can be engraved.<\/strong><br>The most commonly used t<strong>hickness is 3\u20136 mm<\/strong>, however engraving is also possible on thicker sheets, as the process affects only the surface layer.<br><br> Before engraving, we assess the surface quality of the plywood to achieve an even and clear result.<\/p><\/div><\/div>\n<\/div><\/div>\n\n\n\n<div class=\"wp-block-media-text has-media-on-the-right is-stacked-on-mobile\" style=\"border-width:2px;border-top-left-radius:20px;border-top-right-radius:20px;border-bottom-left-radius:20px;border-bottom-right-radius:20px;grid-template-columns:auto 35%\"><div class=\"wp-block-media-text__content\">\n<div class=\"wp-block-uagb-info-box uagb-block-49ac9768 uagb-infobox__content-wrap  uagb-infobox-icon-above-title uagb-infobox-image-valign-top\"><div class=\"uagb-ifb-content\"><div class=\"uagb-ifb-title-wrap\"><h3 class=\"uagb-ifb-title\">Precision and applications<\/h3><\/div><p class=\"uagb-ifb-desc\">Laser engraving allows the creation of fine details, clear text, and complex ornaments. Since engraving is performed without mechanical contact, the plywood surface is not pressed or damaged.<br>Laser engraving on plywood is most commonly used for:<br>Decorative elements,<br>Information and name plates,<br>Logos and marking,<br>Interior and design solutions,<br>Custom and serial products.<\/p><\/div><\/div>\n<\/div><figure class=\"wp-block-media-text__media\"><img loading=\"lazy\" decoding=\"async\" width=\"800\" height=\"800\" src=\"http:\/\/pjovimaslazeriu.lt\/wp-content\/uploads\/2026\/01\/4-4.png\" alt=\"\" class=\"wp-image-1696 size-full\" srcset=\"https:\/\/pjovimaslazeriu.lt\/wp-content\/uploads\/2026\/01\/4-4.png 800w, https:\/\/pjovimaslazeriu.lt\/wp-content\/uploads\/2026\/01\/4-4-300x300.png 300w, https:\/\/pjovimaslazeriu.lt\/wp-content\/uploads\/2026\/01\/4-4-100x100.png 100w, https:\/\/pjovimaslazeriu.lt\/wp-content\/uploads\/2026\/01\/4-4-600x600.png 600w, https:\/\/pjovimaslazeriu.lt\/wp-content\/uploads\/2026\/01\/4-4-150x150.png 150w, https:\/\/pjovimaslazeriu.lt\/wp-content\/uploads\/2026\/01\/4-4-768x768.png 768w\" sizes=\"auto, (max-width: 800px) 100vw, 800px\" \/><\/figure><\/div>\n<\/div><\/div>\n\n\n\n<div class=\"wp-block-uagb-container uagb-block-3e64f9dd alignfull uagb-is-root-container\"><div class=\"uagb-container-inner-blocks-wrap\">\n<div class=\"wp-block-uagb-advanced-heading uagb-block-97523d52\"><h2 class=\"uagb-heading-text\"><strong>Engraving depth and surface appearance<\/strong><\/h2><\/div>\n\n\n\n<p class=\"has-medium-font-size\">During engraving, the laser <strong>removes the top layer of the plywood<\/strong>, so the image is formed by the contrast between the engraved area and the natural surface. The engraving depth is controlled by selecting appropriate parameters \u2014 from very subtle to deeper, more pronounced engraving.<\/p>\n\n\n\n<p class=\"has-medium-font-size\">Due to the thermal effect, engraved areas acquire a darker shade. This is a natural characteristic of laser engraving on plywood and is often used as a visual advantage. If a cleaner surface is required, <strong>protective masking tap<\/strong>e can be applied before engraving to reduce soot on the plywood surface.<\/p>\n\n\n\n<p class=\"has-medium-font-size\">Plywood engraving is performed using provided vector or raster files (DXF, SVG, PDF, JPG, PNG). Before engraving, we evaluate the level of detail of the design, the type of plywood, and surface properties to select suitable engraving parameters and ensure a stable result.<\/p>\n<\/div><\/div>\n\n\n\n<div class=\"wp-block-uagb-container uagb-block-ad4d5308 alignfull uagb-is-root-container\"><div class=\"uagb-container-inner-blocks-wrap\">\n<div class=\"wp-block-uagb-advanced-heading uagb-block-45830ad1\"><h2 class=\"uagb-heading-text\">Other Materials Engraved by Laser<\/h2><\/div>\n\n\n\n<div class=\"wp-block-uagb-container uagb-block-ec0fd82b\">\n<div class=\"wp-block-columns is-layout-flex wp-container-core-columns-is-layout-28f84493 wp-block-columns-is-layout-flex\">\n<div class=\"wp-block-column is-layout-flow wp-block-column-is-layout-flow\">\n<div class=\"wp-block-media-text is-stacked-on-mobile has-border-color\" style=\"border-color:#00000059;border-width:3px;border-top-left-radius:10px;border-top-right-radius:10px;border-bottom-left-radius:10px;border-bottom-right-radius:10px;grid-template-columns:36% auto\"><figure class=\"wp-block-media-text__media\"><a href=\"https:\/\/pjovimaslazeriu.lt\/en\/laser-engraving\/laser-engraving-plastic\/\"><img loading=\"lazy\" decoding=\"async\" width=\"400\" height=\"400\" src=\"http:\/\/pjovimaslazeriu.lt\/wp-content\/uploads\/2026\/01\/2-1.png\" alt=\"\" class=\"wp-image-1388 size-full\" srcset=\"https:\/\/pjovimaslazeriu.lt\/wp-content\/uploads\/2026\/01\/2-1.png 400w, https:\/\/pjovimaslazeriu.lt\/wp-content\/uploads\/2026\/01\/2-1-300x300.png 300w, https:\/\/pjovimaslazeriu.lt\/wp-content\/uploads\/2026\/01\/2-1-100x100.png 100w, https:\/\/pjovimaslazeriu.lt\/wp-content\/uploads\/2026\/01\/2-1-150x150.png 150w\" sizes=\"auto, (max-width: 400px) 100vw, 400px\" \/><\/a><\/figure><div class=\"wp-block-media-text__content\">\n<p class=\"has-ast-global-color-1-color has-text-color has-link-color wp-elements-42ef1d4437b0fcee324c8c168bf64adc\" style=\"border-style:none;border-width:0px;margin-top:0;margin-bottom:0;padding-top:0;padding-right:0;padding-bottom:0;padding-left:0;font-size:23px\"><strong><a href=\"https:\/\/pjovimaslazeriu.lt\/en\/laser-engraving\/laser-engraving-plastic\/\" data-type=\"link\" data-id=\"https:\/\/pjovimaslazeriu.lt\/en\/laser-engraving\/laser-engraving-plastic\/\">Laser Engraving Plastic<\/a><\/strong><\/p>\n<\/div><\/div>\n<\/div>\n\n\n\n<div class=\"wp-block-column is-layout-flow wp-block-column-is-layout-flow\">\n<div class=\"wp-block-media-text is-stacked-on-mobile has-border-color\" style=\"border-color:#00000059;border-width:3px;border-top-left-radius:10px;border-top-right-radius:10px;border-bottom-left-radius:10px;border-bottom-right-radius:10px;grid-template-columns:36% auto\"><figure class=\"wp-block-media-text__media\"><a href=\"https:\/\/pjovimaslazeriu.lt\/en\/laser-engraving\/laser-engraving-wood\/\"><img loading=\"lazy\" decoding=\"async\" width=\"400\" height=\"400\" src=\"http:\/\/pjovimaslazeriu.lt\/wp-content\/uploads\/2026\/01\/3-1.png\" alt=\"\" class=\"wp-image-1389 size-full\" srcset=\"https:\/\/pjovimaslazeriu.lt\/wp-content\/uploads\/2026\/01\/3-1.png 400w, https:\/\/pjovimaslazeriu.lt\/wp-content\/uploads\/2026\/01\/3-1-300x300.png 300w, https:\/\/pjovimaslazeriu.lt\/wp-content\/uploads\/2026\/01\/3-1-100x100.png 100w, https:\/\/pjovimaslazeriu.lt\/wp-content\/uploads\/2026\/01\/3-1-150x150.png 150w\" sizes=\"auto, (max-width: 400px) 100vw, 400px\" \/><\/a><\/figure><div class=\"wp-block-media-text__content\">\n<p class=\"has-ast-global-color-1-color has-text-color has-link-color wp-elements-24789247ef96d2f89d9f6c9312bcce03\" style=\"border-style:none;border-width:0px;margin-top:0;margin-bottom:0;padding-top:0;padding-right:0;padding-bottom:0;padding-left:0;font-size:22px\"><strong><a href=\"https:\/\/pjovimaslazeriu.lt\/en\/laser-engraving\/laser-engraving-wood\/\" data-type=\"link\" data-id=\"https:\/\/pjovimaslazeriu.lt\/graviravimas-lazeriu\/medzio-graviravimas-lazeriuu\/\">Laser Engraving Solid Wood<\/a><\/strong><\/p>\n<\/div><\/div>\n<\/div>\n\n\n\n<div class=\"wp-block-column is-layout-flow wp-block-column-is-layout-flow\">\n<div class=\"wp-block-media-text is-stacked-on-mobile has-border-color\" style=\"border-color:#00000059;border-width:3px;border-top-left-radius:10px;border-top-right-radius:10px;border-bottom-left-radius:10px;border-bottom-right-radius:10px;grid-template-columns:36% auto\"><figure class=\"wp-block-media-text__media\"><a href=\"https:\/\/pjovimaslazeriu.lt\/en\/laser-engraving\/laser-engraving-cardboard\/\"><img loading=\"lazy\" decoding=\"async\" width=\"400\" height=\"400\" src=\"http:\/\/pjovimaslazeriu.lt\/wp-content\/uploads\/2026\/01\/5-1.png\" alt=\"\" class=\"wp-image-1391 size-full\" srcset=\"https:\/\/pjovimaslazeriu.lt\/wp-content\/uploads\/2026\/01\/5-1.png 400w, https:\/\/pjovimaslazeriu.lt\/wp-content\/uploads\/2026\/01\/5-1-300x300.png 300w, https:\/\/pjovimaslazeriu.lt\/wp-content\/uploads\/2026\/01\/5-1-100x100.png 100w, https:\/\/pjovimaslazeriu.lt\/wp-content\/uploads\/2026\/01\/5-1-150x150.png 150w\" sizes=\"auto, (max-width: 400px) 100vw, 400px\" \/><\/a><\/figure><div class=\"wp-block-media-text__content\">\n<p class=\"has-ast-global-color-1-color has-text-color has-link-color wp-elements-5a7eb9dab23ed1b0fe7e2ed9a98e9597\" style=\"border-style:none;border-width:0px;margin-top:0;margin-bottom:0;padding-top:0;padding-right:0;padding-bottom:0;padding-left:0;font-size:23px\"><strong><a href=\"https:\/\/pjovimaslazeriu.lt\/en\/laser-engraving\/laser-engraving-cardboard\/\" data-type=\"link\" data-id=\"https:\/\/pjovimaslazeriu.lt\/en\/laser-engraving\/laser-engraving-cardboard\/\">Laser Engraving Cardboard<\/a><\/strong><\/p>\n<\/div><\/div>\n<\/div>\n<\/div>\n<\/div>\n<\/div><\/div>\n\n\n\n<div class=\"wp-block-uagb-container uagb-block-e94e3679 alignfull uagb-is-root-container\"><div class=\"uagb-container-inner-blocks-wrap\">\n<div class=\"wp-block-uagb-info-box uagb-block-b9eef7d2 uagb-infobox__content-wrap  uagb-infobox-icon-above-title uagb-infobox-image-valign-top\"><div class=\"uagb-ifb-content\"><div class=\"uagb-ifb-title-wrap\"><h3 class=\"uagb-ifb-title\">Do you have questions or are you ready to place an order?<\/h3><\/div><p class=\"uagb-ifb-desc\">If you have a layout or would like advice on plywood type, engraving depth, and final appearance, submit an inquiry. We will evaluate the project and offer the most suitable solution.<\/p><div class=\"uagb-ifb-button-wrapper wp-block-button\"><a href=\"https:\/\/pjovimaslazeriu.lt\/en\/inquiry-form\/\" class=\"uagb-infobox-cta-link wp-block-button__link\" target=\"_self\" rel=\"noopener noreferrer\" onclick=\"return true;\"><span class=\"uagb-inline-editing\">Si\u016bsti u\u017eklaus\u0105<\/span><\/a><\/div><\/div><\/div>\n<\/div><\/div>\n\n\n\n<p><\/p>\n","protected":false},"excerpt":{"rendered":"<p>Laser Engraving Plywood Laser engraving on plywood allows precise and long-lasting surface marking, producing clear patterns, text, or graphic elements based on a digital design. This method is especially suitable when fine detail, consistent repeatability, and the natural texture of plywood are important. Engraving depth and surface appearance During engraving, the laser removes the top [&hellip;]<\/p>\n","protected":false},"author":1,"featured_media":0,"parent":1735,"menu_order":1,"comment_status":"closed","ping_status":"closed","template":"","meta":{"_uag_custom_page_level_css":"","site-sidebar-layout":"default","site-content-layout":"","ast-site-content-layout":"normal-width-container","site-content-style":"unboxed","site-sidebar-style":"default","ast-global-header-display":"","ast-banner-title-visibility":"","ast-main-header-display":"","ast-hfb-above-header-display":"","ast-hfb-below-header-display":"","ast-hfb-mobile-header-display":"","site-post-title":"disabled","ast-breadcrumbs-content":"","ast-featured-img":"","footer-sml-layout":"","ast-disable-related-posts":"","theme-transparent-header-meta":"","adv-header-id-meta":"","stick-header-meta":"","header-above-stick-meta":"","header-main-stick-meta":"","header-below-stick-meta":"","astra-migrate-meta-layouts":"set","ast-page-background-enabled":"default","ast-page-background-meta":{"desktop":{"background-color":"","background-image":"","background-repeat":"repeat","background-position":"center center","background-size":"auto","background-attachment":"scroll","background-type":"","background-media":"","overlay-type":"","overlay-color":"","overlay-opacity":"","overlay-gradient":""},"tablet":{"background-color":"","background-image":"","background-repeat":"repeat","background-position":"center center","background-size":"auto","background-attachment":"scroll","background-type":"","background-media":"","overlay-type":"","overlay-color":"","overlay-opacity":"","overlay-gradient":""},"mobile":{"background-color":"","background-image":"","background-repeat":"repeat","background-position":"center center","background-size":"auto","background-attachment":"scroll","background-type":"","background-media":"","overlay-type":"","overlay-color":"","overlay-opacity":"","overlay-gradient":""}},"ast-content-background-meta":{"desktop":{"background-color":"var(--ast-global-color-5)","background-image":"","background-repeat":"repeat","background-position":"center center","background-size":"auto","background-attachment":"scroll","background-type":"","background-media":"","overlay-type":"","overlay-color":"","overlay-opacity":"","overlay-gradient":""},"tablet":{"background-color":"var(--ast-global-color-5)","background-image":"","background-repeat":"repeat","background-position":"center center","background-size":"auto","background-attachment":"scroll","background-type":"","background-media":"","overlay-type":"","overlay-color":"","overlay-opacity":"","overlay-gradient":""},"mobile":{"background-color":"var(--ast-global-color-5)","background-image":"","background-repeat":"repeat","background-position":"center center","background-size":"auto","background-attachment":"scroll","background-type":"","background-media":"","overlay-type":"","overlay-color":"","overlay-opacity":"","overlay-gradient":""}},"footnotes":""},"class_list":["post-1738","page","type-page","status-publish","hentry"],"uagb_featured_image_src":{"full":false,"thumbnail":false,"medium":false,"medium_large":false,"large":false,"1536x1536":false,"2048x2048":false,"woocommerce_thumbnail":false,"woocommerce_single":false,"woocommerce_gallery_thumbnail":false},"uagb_author_info":{"display_name":"MB MP","author_link":"https:\/\/pjovimaslazeriu.lt\/en\/author\/martiszxcgmail-com\/"},"uagb_comment_info":0,"uagb_excerpt":"Laser Engraving Plywood Laser engraving on plywood allows precise and long-lasting surface marking, producing clear patterns, text, or graphic elements based on a digital design. This method is especially suitable when fine detail, consistent repeatability, and the natural texture of plywood are important. Engraving depth and surface appearance During engraving, the laser removes the top&hellip;","_links":{"self":[{"href":"https:\/\/pjovimaslazeriu.lt\/en\/wp-json\/wp\/v2\/pages\/1738","targetHints":{"allow":["GET"]}}],"collection":[{"href":"https:\/\/pjovimaslazeriu.lt\/en\/wp-json\/wp\/v2\/pages"}],"about":[{"href":"https:\/\/pjovimaslazeriu.lt\/en\/wp-json\/wp\/v2\/types\/page"}],"author":[{"embeddable":true,"href":"https:\/\/pjovimaslazeriu.lt\/en\/wp-json\/wp\/v2\/users\/1"}],"replies":[{"embeddable":true,"href":"https:\/\/pjovimaslazeriu.lt\/en\/wp-json\/wp\/v2\/comments?post=1738"}],"version-history":[{"count":7,"href":"https:\/\/pjovimaslazeriu.lt\/en\/wp-json\/wp\/v2\/pages\/1738\/revisions"}],"predecessor-version":[{"id":1879,"href":"https:\/\/pjovimaslazeriu.lt\/en\/wp-json\/wp\/v2\/pages\/1738\/revisions\/1879"}],"up":[{"embeddable":true,"href":"https:\/\/pjovimaslazeriu.lt\/en\/wp-json\/wp\/v2\/pages\/1735"}],"wp:attachment":[{"href":"https:\/\/pjovimaslazeriu.lt\/en\/wp-json\/wp\/v2\/media?parent=1738"}],"curies":[{"name":"wp","href":"https:\/\/api.w.org\/{rel}","templated":true}]}}